{"id":4116,"date":"2022-12-14T08:31:35","date_gmt":"2022-12-14T11:31:35","guid":{"rendered":"https:\/\/34.139.18.184\/?post_type=product&#038;p=4116"},"modified":"2024-12-11T12:22:02","modified_gmt":"2024-12-11T15:22:02","slug":"the-sabrage-card-6-unidades","status":"publish","type":"product","link":"https:\/\/thedlz.com\/?product=the-sabrage-card-6-unidades","title":{"rendered":"The Sabrage Card &#8211; 6 unidades"},"content":{"rendered":"<p>Nosso The Sabrage Card \u00e9 um produto \u00fanico no Brasil.<\/p>\n<p>Desenvolvido para abrir \u00e9 usado para abrir espumantes.<\/p>\n<h1>Sabrage: a t\u00e9cnica do Napole\u00e3o Bonaparte<\/h1>\n<p class=\"lead\">Ela teria nascido no s\u00e9culo 18, quando o comandante comemorava suas vit\u00f3rias abrindo o champagne com a sua espada.<\/p>\n<p>O portador desliza o The Sabrage Card ao longo da costura do corpo da garrafa at\u00e9 o l\u00e1bio para quebrar o topo do gargalo, deixando o gargalo da garrafa aberto e pronto para ser derramado.<\/p>\n<p>Segure firmemente a garrafa por baixo com uma m\u00e3o, posicionando o polegar em sua base, com a rolha apontando para cima.<\/p>\n<p>Incline-a em um \u00e2ngulo entre 45 e 60 graus.<\/p>\n<p>Por fim, pegue seu The Sabrage Card de l\u00e2mina curta e d\u00ea um golpe preciso na dire\u00e7\u00e3o da rolha, deslizando pelo pesco\u00e7o da garrafa.<\/p>\n<p class=\"lead\">\n","protected":false},"excerpt":{"rendered":"<p>Nosso The Sabrage Card \u00e9 um produto \u00fanico no Brasil. Desenvolvido para abrir \u00e9 usado para abrir espumantes. Sabrage: a t\u00e9cnica do Napole\u00e3o Bonaparte Ela teria nascido no s\u00e9culo 18, quando o comandante comemorava suas vit\u00f3rias abrindo o champagne com a sua espada. O portador desliza o The Sabrage Card ao longo da costura do corpo da garrafa at\u00e9 o l\u00e1bio para quebrar o topo&#8230; <\/p>\n<p class=\"more\"><a class=\"more-link\" href=\"https:\/\/thedlz.com\/?product=the-sabrage-card-6-unidades\">Read More<\/a><\/p>\n","protected":false},"featured_media":4125,"template":"","meta":[],"product_brand":[],"product_cat":[31],"product_tag":[],"class_list":{"0":"post-4116","1":"product","2":"type-product","3":"status-publish","4":"has-post-thumbnail","6":"product_cat-sabrage","7":"hentry","9":"first","10":"instock","11":"shipping-taxable","12":"purchasable","13":"product-type-simple"},"yoast_head":"<!-- This site is optimized with the Yoast SEO plugin v27.5 - https:\/\/yoast.com\/product\/yoast-seo-wordpress\/ -->\n<title>The Sabrage Card - 6 unidades - The DLZ<\/title>\n<meta name=\"description\" content=\"The DLZ O saca-rolhas indispens\u00e1vel para amantes do vinho. \u00c9 um saca-rolhas de a\u00e7o inox, combinando as vantagens da l\u00e2mina com a tradicional espiral. Entrega r\u00e1pida, aproveite o frete gr\u00e1tis!\" \/>\n<meta name=\"robots\" content=\"index, follow, max-snippet:-1, max-image-preview:large, max-video-preview:-1\" \/>\n<link rel=\"canonical\" href=\"https:\/\/thedlz.com\/?product=the-sabrage-card-6-unidades\" \/>\n<meta property=\"og:locale\" content=\"pt_BR\" \/>\n<meta property=\"og:type\" content=\"article\" \/>\n<meta property=\"og:title\" content=\"The Sabrage Card - 6 unidades - The DLZ\" \/>\n<meta property=\"og:description\" content=\"The DLZ O saca-rolhas indispens\u00e1vel para amantes do vinho. \u00c9 um saca-rolhas de a\u00e7o inox, combinando as vantagens da l\u00e2mina com a tradicional espiral. Entrega r\u00e1pida, aproveite o frete gr\u00e1tis!\" \/>\n<meta property=\"og:url\" content=\"https:\/\/thedlz.com\/?product=the-sabrage-card-6-unidades\" \/>\n<meta property=\"og:site_name\" content=\"The DLZ\" \/>\n<meta property=\"article:modified_time\" content=\"2024-12-11T15:22:02+00:00\" \/>\n<meta property=\"og:image\" content=\"https:\/\/thedlz.com\/wp-content\/uploads\/2022\/12\/THESABRAGECARD.png\" \/>\n\t<meta property=\"og:image:width\" content=\"1211\" \/>\n\t<meta property=\"og:image:height\" content=\"673\" \/>\n\t<meta property=\"og:image:type\" content=\"image\/png\" \/>\n<meta name=\"twitter:card\" content=\"summary_large_image\" \/>\n<meta name=\"twitter:label1\" content=\"Est. tempo de leitura\" \/>\n\t<meta name=\"twitter:data1\" content=\"1 minuto\" \/>\n<script type=\"application\/ld+json\" class=\"yoast-schema-graph\">{\"@context\":\"https:\\\/\\\/schema.org\",\"@graph\":[{\"@type\":\"WebPage\",\"@id\":\"https:\\\/\\\/thedlz.com\\\/?product=the-sabrage-card-6-unidades\",\"url\":\"https:\\\/\\\/thedlz.com\\\/?product=the-sabrage-card-6-unidades\",\"name\":\"The Sabrage Card - 6 unidades - The DLZ\",\"isPartOf\":{\"@id\":\"https:\\\/\\\/thedlz.com\\\/#website\"},\"primaryImageOfPage\":{\"@id\":\"https:\\\/\\\/thedlz.com\\\/?product=the-sabrage-card-6-unidades#primaryimage\"},\"image\":{\"@id\":\"https:\\\/\\\/thedlz.com\\\/?product=the-sabrage-card-6-unidades#primaryimage\"},\"thumbnailUrl\":\"https:\\\/\\\/thedlz.com\\\/wp-content\\\/uploads\\\/2022\\\/12\\\/THESABRAGECARD.png\",\"datePublished\":\"2022-12-14T11:31:35+00:00\",\"dateModified\":\"2024-12-11T15:22:02+00:00\",\"description\":\"The DLZ O saca-rolhas indispens\u00e1vel para amantes do vinho. \u00c9 um saca-rolhas de a\u00e7o inox, combinando as vantagens da l\u00e2mina com a tradicional espiral. Entrega r\u00e1pida, aproveite o frete gr\u00e1tis!\",\"breadcrumb\":{\"@id\":\"https:\\\/\\\/thedlz.com\\\/?product=the-sabrage-card-6-unidades#breadcrumb\"},\"inLanguage\":\"pt-BR\",\"potentialAction\":[{\"@type\":\"ReadAction\",\"target\":[\"https:\\\/\\\/thedlz.com\\\/?product=the-sabrage-card-6-unidades\"]}]},{\"@type\":\"ImageObject\",\"inLanguage\":\"pt-BR\",\"@id\":\"https:\\\/\\\/thedlz.com\\\/?product=the-sabrage-card-6-unidades#primaryimage\",\"url\":\"https:\\\/\\\/thedlz.com\\\/wp-content\\\/uploads\\\/2022\\\/12\\\/THESABRAGECARD.png\",\"contentUrl\":\"https:\\\/\\\/thedlz.com\\\/wp-content\\\/uploads\\\/2022\\\/12\\\/THESABRAGECARD.png\",\"width\":1211,\"height\":673},{\"@type\":\"BreadcrumbList\",\"@id\":\"https:\\\/\\\/thedlz.com\\\/?product=the-sabrage-card-6-unidades#breadcrumb\",\"itemListElement\":[{\"@type\":\"ListItem\",\"position\":1,\"name\":\"In\u00edcio\",\"item\":\"https:\\\/\\\/thedlz.com\\\/\"},{\"@type\":\"ListItem\",\"position\":2,\"name\":\"Shop\",\"item\":\"https:\\\/\\\/thedlz.com\\\/?page_id=6\"},{\"@type\":\"ListItem\",\"position\":3,\"name\":\"The Sabrage Card &#8211; 6 unidades\"}]},{\"@type\":\"WebSite\",\"@id\":\"https:\\\/\\\/thedlz.com\\\/#website\",\"url\":\"https:\\\/\\\/thedlz.com\\\/\",\"name\":\"The DLZ\",\"description\":\"Perfeito para remo\u00e7\u00e3o de rolhas fr\u00e1geis e desgastadas pelo tempo\",\"publisher\":{\"@id\":\"https:\\\/\\\/thedlz.com\\\/#organization\"},\"potentialAction\":[{\"@type\":\"SearchAction\",\"target\":{\"@type\":\"EntryPoint\",\"urlTemplate\":\"https:\\\/\\\/thedlz.com\\\/?s={search_term_string}\"},\"query-input\":{\"@type\":\"PropertyValueSpecification\",\"valueRequired\":true,\"valueName\":\"search_term_string\"}}],\"inLanguage\":\"pt-BR\"},{\"@type\":\"Organization\",\"@id\":\"https:\\\/\\\/thedlz.com\\\/#organization\",\"name\":\"The DLZ\",\"url\":\"https:\\\/\\\/thedlz.com\\\/\",\"logo\":{\"@type\":\"ImageObject\",\"inLanguage\":\"pt-BR\",\"@id\":\"https:\\\/\\\/thedlz.com\\\/#\\\/schema\\\/logo\\\/image\\\/\",\"url\":\"https:\\\/\\\/thedlz.com\\\/wp-content\\\/uploads\\\/2025\\\/02\\\/thedlz-brand-qyegus584waj6gg36c1tgnkd8p4ztvfba0sxtg755c-1.png\",\"contentUrl\":\"https:\\\/\\\/thedlz.com\\\/wp-content\\\/uploads\\\/2025\\\/02\\\/thedlz-brand-qyegus584waj6gg36c1tgnkd8p4ztvfba0sxtg755c-1.png\",\"width\":102,\"height\":81,\"caption\":\"The DLZ\"},\"image\":{\"@id\":\"https:\\\/\\\/thedlz.com\\\/#\\\/schema\\\/logo\\\/image\\\/\"},\"sameAs\":[\"https:\\\/\\\/www.instagram.com\\\/the.dlz\",\"https:\\\/\\\/www.instagram.com\\\/danieldalzochio\"]}]}<\/script>\n<!-- \/ Yoast SEO plugin. -->","yoast_head_json":{"title":"The Sabrage Card - 6 unidades - The DLZ","description":"The DLZ O saca-rolhas indispens\u00e1vel para amantes do vinho. \u00c9 um saca-rolhas de a\u00e7o inox, combinando as vantagens da l\u00e2mina com a tradicional espiral. Entrega r\u00e1pida, aproveite o frete gr\u00e1tis!","robots":{"index":"index","follow":"follow","max-snippet":"max-snippet:-1","max-image-preview":"max-image-preview:large","max-video-preview":"max-video-preview:-1"},"canonical":"https:\/\/thedlz.com\/?product=the-sabrage-card-6-unidades","og_locale":"pt_BR","og_type":"article","og_title":"The Sabrage Card - 6 unidades - The DLZ","og_description":"The DLZ O saca-rolhas indispens\u00e1vel para amantes do vinho. \u00c9 um saca-rolhas de a\u00e7o inox, combinando as vantagens da l\u00e2mina com a tradicional espiral. Entrega r\u00e1pida, aproveite o frete gr\u00e1tis!","og_url":"https:\/\/thedlz.com\/?product=the-sabrage-card-6-unidades","og_site_name":"The DLZ","article_modified_time":"2024-12-11T15:22:02+00:00","og_image":[{"width":1211,"height":673,"url":"https:\/\/thedlz.com\/wp-content\/uploads\/2022\/12\/THESABRAGECARD.png","type":"image\/png"}],"twitter_card":"summary_large_image","twitter_misc":{"Est. tempo de leitura":"1 minuto"},"schema":{"@context":"https:\/\/schema.org","@graph":[{"@type":"WebPage","@id":"https:\/\/thedlz.com\/?product=the-sabrage-card-6-unidades","url":"https:\/\/thedlz.com\/?product=the-sabrage-card-6-unidades","name":"The Sabrage Card - 6 unidades - The DLZ","isPartOf":{"@id":"https:\/\/thedlz.com\/#website"},"primaryImageOfPage":{"@id":"https:\/\/thedlz.com\/?product=the-sabrage-card-6-unidades#primaryimage"},"image":{"@id":"https:\/\/thedlz.com\/?product=the-sabrage-card-6-unidades#primaryimage"},"thumbnailUrl":"https:\/\/thedlz.com\/wp-content\/uploads\/2022\/12\/THESABRAGECARD.png","datePublished":"2022-12-14T11:31:35+00:00","dateModified":"2024-12-11T15:22:02+00:00","description":"The DLZ O saca-rolhas indispens\u00e1vel para amantes do vinho. \u00c9 um saca-rolhas de a\u00e7o inox, combinando as vantagens da l\u00e2mina com a tradicional espiral. Entrega r\u00e1pida, aproveite o frete gr\u00e1tis!","breadcrumb":{"@id":"https:\/\/thedlz.com\/?product=the-sabrage-card-6-unidades#breadcrumb"},"inLanguage":"pt-BR","potentialAction":[{"@type":"ReadAction","target":["https:\/\/thedlz.com\/?product=the-sabrage-card-6-unidades"]}]},{"@type":"ImageObject","inLanguage":"pt-BR","@id":"https:\/\/thedlz.com\/?product=the-sabrage-card-6-unidades#primaryimage","url":"https:\/\/thedlz.com\/wp-content\/uploads\/2022\/12\/THESABRAGECARD.png","contentUrl":"https:\/\/thedlz.com\/wp-content\/uploads\/2022\/12\/THESABRAGECARD.png","width":1211,"height":673},{"@type":"BreadcrumbList","@id":"https:\/\/thedlz.com\/?product=the-sabrage-card-6-unidades#breadcrumb","itemListElement":[{"@type":"ListItem","position":1,"name":"In\u00edcio","item":"https:\/\/thedlz.com\/"},{"@type":"ListItem","position":2,"name":"Shop","item":"https:\/\/thedlz.com\/?page_id=6"},{"@type":"ListItem","position":3,"name":"The Sabrage Card &#8211; 6 unidades"}]},{"@type":"WebSite","@id":"https:\/\/thedlz.com\/#website","url":"https:\/\/thedlz.com\/","name":"The DLZ","description":"Perfeito para remo\u00e7\u00e3o de rolhas fr\u00e1geis e desgastadas pelo tempo","publisher":{"@id":"https:\/\/thedlz.com\/#organization"},"potentialAction":[{"@type":"SearchAction","target":{"@type":"EntryPoint","urlTemplate":"https:\/\/thedlz.com\/?s={search_term_string}"},"query-input":{"@type":"PropertyValueSpecification","valueRequired":true,"valueName":"search_term_string"}}],"inLanguage":"pt-BR"},{"@type":"Organization","@id":"https:\/\/thedlz.com\/#organization","name":"The DLZ","url":"https:\/\/thedlz.com\/","logo":{"@type":"ImageObject","inLanguage":"pt-BR","@id":"https:\/\/thedlz.com\/#\/schema\/logo\/image\/","url":"https:\/\/thedlz.com\/wp-content\/uploads\/2025\/02\/thedlz-brand-qyegus584waj6gg36c1tgnkd8p4ztvfba0sxtg755c-1.png","contentUrl":"https:\/\/thedlz.com\/wp-content\/uploads\/2025\/02\/thedlz-brand-qyegus584waj6gg36c1tgnkd8p4ztvfba0sxtg755c-1.png","width":102,"height":81,"caption":"The DLZ"},"image":{"@id":"https:\/\/thedlz.com\/#\/schema\/logo\/image\/"},"sameAs":["https:\/\/www.instagram.com\/the.dlz","https:\/\/www.instagram.com\/danieldalzochio"]}]}},"_links":{"self":[{"href":"https:\/\/thedlz.com\/index.php?rest_route=\/wp\/v2\/product\/4116","targetHints":{"allow":["GET"]}}],"collection":[{"href":"https:\/\/thedlz.com\/index.php?rest_route=\/wp\/v2\/product"}],"about":[{"href":"https:\/\/thedlz.com\/index.php?rest_route=\/wp\/v2\/types\/product"}],"version-history":[{"count":0,"href":"https:\/\/thedlz.com\/index.php?rest_route=\/wp\/v2\/product\/4116\/revisions"}],"wp:featuredmedia":[{"embeddable":true,"href":"https:\/\/thedlz.com\/index.php?rest_route=\/wp\/v2\/media\/4125"}],"wp:attachment":[{"href":"https:\/\/thedlz.com\/index.php?rest_route=%2Fwp%2Fv2%2Fmedia&parent=4116"}],"wp:term":[{"taxonomy":"product_brand","embeddable":true,"href":"https:\/\/thedlz.com\/index.php?rest_route=%2Fwp%2Fv2%2Fproduct_brand&post=4116"},{"taxonomy":"product_cat","embeddable":true,"href":"https:\/\/thedlz.com\/index.php?rest_route=%2Fwp%2Fv2%2Fproduct_cat&post=4116"},{"taxonomy":"product_tag","embeddable":true,"href":"https:\/\/thedlz.com\/index.php?rest_route=%2Fwp%2Fv2%2Fproduct_tag&post=4116"}],"curies":[{"name":"wp","href":"https:\/\/api.w.org\/{rel}","templated":true}]}}