{"id":3040,"date":"2022-02-16T13:20:56","date_gmt":"2022-02-16T16:20:56","guid":{"rendered":"https:\/\/34.139.18.184\/?post_type=product&#038;p=3040"},"modified":"2025-02-19T14:02:03","modified_gmt":"2025-02-19T17:02:03","slug":"the-sommelier","status":"publish","type":"product","link":"https:\/\/thedlz.com\/?product=the-sommelier","title":{"rendered":"The Sommelier Gravity"},"content":{"rendered":"<div class=\"elementor-element elementor-element-1f6765fc elementor-widget elementor-widget-heading\" data-id=\"1f6765fc\" data-element_type=\"widget\" data-widget_type=\"heading.default\">\n<div class=\"elementor-widget-container\">\n<div class=\"elementor-element elementor-element-7f0b883d elementor-widget elementor-widget-heading\" data-id=\"7f0b883d\" data-element_type=\"widget\" data-widget_type=\"heading.default\">\n<div class=\"elementor-widget-container\">\n<h2 class=\"elementor-heading-title elementor-size-default\">Adquira o seu<br \/>\nThe Sommelier Gravity agora!<\/h2>\n<\/div>\n<\/div>\n<div class=\"elementor-element elementor-element-7d1aead elementor-widget elementor-widget-price-table\" data-id=\"7d1aead\" data-element_type=\"widget\" data-widget_type=\"price-table.default\">\n<div class=\"elementor-widget-container\">\n<div class=\"elementor-price-table\">\n<div class=\"elementor-price-table__price\"><\/div>\n<ul class=\"elementor-price-table__features-list\">\n<li class=\"elementor-repeater-item-1787a67\">\n<div class=\"elementor-price-table__feature-inner\">\u00a0Abridor de dois est\u00e1gios<\/div>\n<\/li>\n<li class=\"elementor-repeater-item-148a1d2\">\n<div class=\"elementor-price-table__feature-inner\">\u00a0Embalagem met\u00e1lica<\/div>\n<\/li>\n<li class=\"elementor-repeater-item-26543e4\">\n<div class=\"elementor-price-table__feature-inner\">\u00a0Garantia DLZ<\/div>\n<\/li>\n<\/ul>\n<\/div>\n<\/div>\n<\/div>\n<\/div>\n<\/div>\n","protected":false},"excerpt":{"rendered":"<h3 class=\"elementor-heading-title elementor-size-default\">Remova rolhas jovens de todos os tipos usando a for\u00e7a da gravidade a seu favor<\/h3>\n<div class=\"elementor-element elementor-element-198e14b5 elementor-widget elementor-widget-text-editor\" data-id=\"198e14b5\" data-element_type=\"widget\" data-widget_type=\"text-editor.default\">\n<div class=\"elementor-widget-container\">\n<p>Saca-rolhas tipo sommelier de dois est\u00e1gios com\u00a0<b>m\u00e9todo exclusivo<\/b>\u00a0que utiliza a gravidade para facilitar a abertura de vinhos<\/p>\n<\/div>\n<\/div>\n","protected":false},"featured_media":3742,"template":"","meta":[],"product_brand":[],"product_cat":[17,19,18],"product_tag":[],"class_list":{"0":"post-3040","1":"product","2":"type-product","3":"status-publish","4":"has-post-thumbnail","6":"product_cat-abridor","7":"product_cat-saca-rolhas","8":"product_cat-vinhos","9":"hentry","11":"first","12":"instock","13":"featured","14":"shipping-taxable","15":"purchasable","16":"product-type-simple"},"yoast_head":"<!-- This site is optimized with the Yoast SEO plugin v27.4 - https:\/\/yoast.com\/product\/yoast-seo-wordpress\/ -->\n<title>The Sommelier Gravity - The DLZ<\/title>\n<meta name=\"description\" content=\"The DLZ O saca-rolhas indispens\u00e1vel para amantes do vinho. \u00c9 um saca-rolhas de a\u00e7o inox, combinando as vantagens da l\u00e2mina com a tradicional espiral. Entrega r\u00e1pida, aproveite o frete gr\u00e1tis!\" \/>\n<meta name=\"robots\" content=\"index, follow, max-snippet:-1, max-image-preview:large, max-video-preview:-1\" \/>\n<link rel=\"canonical\" href=\"https:\/\/thedlz.com\/?product=the-sommelier\" \/>\n<meta property=\"og:locale\" content=\"pt_BR\" \/>\n<meta property=\"og:type\" content=\"article\" \/>\n<meta property=\"og:title\" content=\"The Sommelier Gravity - The DLZ\" \/>\n<meta property=\"og:description\" content=\"The DLZ O saca-rolhas indispens\u00e1vel para amantes do vinho. \u00c9 um saca-rolhas de a\u00e7o inox, combinando as vantagens da l\u00e2mina com a tradicional espiral. Entrega r\u00e1pida, aproveite o frete gr\u00e1tis!\" \/>\n<meta property=\"og:url\" content=\"https:\/\/thedlz.com\/?product=the-sommelier\" \/>\n<meta property=\"og:site_name\" content=\"The DLZ\" \/>\n<meta property=\"article:modified_time\" content=\"2025-02-19T17:02:03+00:00\" \/>\n<meta property=\"og:image\" content=\"https:\/\/thedlz.com\/wp-content\/uploads\/2022\/09\/THESOME.png\" \/>\n\t<meta property=\"og:image:width\" content=\"1080\" \/>\n\t<meta property=\"og:image:height\" content=\"1080\" \/>\n\t<meta property=\"og:image:type\" content=\"image\/png\" \/>\n<meta name=\"twitter:card\" content=\"summary_large_image\" \/>\n<meta name=\"twitter:label1\" content=\"Est. tempo de leitura\" \/>\n\t<meta name=\"twitter:data1\" content=\"1 minuto\" \/>\n<script type=\"application\/ld+json\" class=\"yoast-schema-graph\">{\"@context\":\"https:\\\/\\\/schema.org\",\"@graph\":[{\"@type\":\"WebPage\",\"@id\":\"https:\\\/\\\/thedlz.com\\\/?product=the-sommelier\",\"url\":\"https:\\\/\\\/thedlz.com\\\/?product=the-sommelier\",\"name\":\"The Sommelier Gravity - The DLZ\",\"isPartOf\":{\"@id\":\"https:\\\/\\\/thedlz.com\\\/#website\"},\"primaryImageOfPage\":{\"@id\":\"https:\\\/\\\/thedlz.com\\\/?product=the-sommelier#primaryimage\"},\"image\":{\"@id\":\"https:\\\/\\\/thedlz.com\\\/?product=the-sommelier#primaryimage\"},\"thumbnailUrl\":\"https:\\\/\\\/thedlz.com\\\/wp-content\\\/uploads\\\/2022\\\/09\\\/THESOME.png\",\"datePublished\":\"2022-02-16T16:20:56+00:00\",\"dateModified\":\"2025-02-19T17:02:03+00:00\",\"description\":\"The DLZ O saca-rolhas indispens\u00e1vel para amantes do vinho. \u00c9 um saca-rolhas de a\u00e7o inox, combinando as vantagens da l\u00e2mina com a tradicional espiral. Entrega r\u00e1pida, aproveite o frete gr\u00e1tis!\",\"breadcrumb\":{\"@id\":\"https:\\\/\\\/thedlz.com\\\/?product=the-sommelier#breadcrumb\"},\"inLanguage\":\"pt-BR\",\"potentialAction\":[{\"@type\":\"ReadAction\",\"target\":[\"https:\\\/\\\/thedlz.com\\\/?product=the-sommelier\"]}]},{\"@type\":\"ImageObject\",\"inLanguage\":\"pt-BR\",\"@id\":\"https:\\\/\\\/thedlz.com\\\/?product=the-sommelier#primaryimage\",\"url\":\"https:\\\/\\\/thedlz.com\\\/wp-content\\\/uploads\\\/2022\\\/09\\\/THESOME.png\",\"contentUrl\":\"https:\\\/\\\/thedlz.com\\\/wp-content\\\/uploads\\\/2022\\\/09\\\/THESOME.png\",\"width\":1080,\"height\":1080},{\"@type\":\"BreadcrumbList\",\"@id\":\"https:\\\/\\\/thedlz.com\\\/?product=the-sommelier#breadcrumb\",\"itemListElement\":[{\"@type\":\"ListItem\",\"position\":1,\"name\":\"In\u00edcio\",\"item\":\"https:\\\/\\\/thedlz.com\\\/\"},{\"@type\":\"ListItem\",\"position\":2,\"name\":\"Shop\",\"item\":\"https:\\\/\\\/thedlz.com\\\/?page_id=6\"},{\"@type\":\"ListItem\",\"position\":3,\"name\":\"The Sommelier Gravity\"}]},{\"@type\":\"WebSite\",\"@id\":\"https:\\\/\\\/thedlz.com\\\/#website\",\"url\":\"https:\\\/\\\/thedlz.com\\\/\",\"name\":\"The DLZ\",\"description\":\"Perfeito para remo\u00e7\u00e3o de rolhas fr\u00e1geis e desgastadas pelo tempo\",\"publisher\":{\"@id\":\"https:\\\/\\\/thedlz.com\\\/#organization\"},\"potentialAction\":[{\"@type\":\"SearchAction\",\"target\":{\"@type\":\"EntryPoint\",\"urlTemplate\":\"https:\\\/\\\/thedlz.com\\\/?s={search_term_string}\"},\"query-input\":{\"@type\":\"PropertyValueSpecification\",\"valueRequired\":true,\"valueName\":\"search_term_string\"}}],\"inLanguage\":\"pt-BR\"},{\"@type\":\"Organization\",\"@id\":\"https:\\\/\\\/thedlz.com\\\/#organization\",\"name\":\"The DLZ\",\"url\":\"https:\\\/\\\/thedlz.com\\\/\",\"logo\":{\"@type\":\"ImageObject\",\"inLanguage\":\"pt-BR\",\"@id\":\"https:\\\/\\\/thedlz.com\\\/#\\\/schema\\\/logo\\\/image\\\/\",\"url\":\"https:\\\/\\\/thedlz.com\\\/wp-content\\\/uploads\\\/2025\\\/02\\\/thedlz-brand-qyegus584waj6gg36c1tgnkd8p4ztvfba0sxtg755c-1.png\",\"contentUrl\":\"https:\\\/\\\/thedlz.com\\\/wp-content\\\/uploads\\\/2025\\\/02\\\/thedlz-brand-qyegus584waj6gg36c1tgnkd8p4ztvfba0sxtg755c-1.png\",\"width\":102,\"height\":81,\"caption\":\"The DLZ\"},\"image\":{\"@id\":\"https:\\\/\\\/thedlz.com\\\/#\\\/schema\\\/logo\\\/image\\\/\"},\"sameAs\":[\"https:\\\/\\\/www.instagram.com\\\/the.dlz\",\"https:\\\/\\\/www.instagram.com\\\/danieldalzochio\"]}]}<\/script>\n<!-- \/ Yoast SEO plugin. -->","yoast_head_json":{"title":"The Sommelier Gravity - The DLZ","description":"The DLZ O saca-rolhas indispens\u00e1vel para amantes do vinho. \u00c9 um saca-rolhas de a\u00e7o inox, combinando as vantagens da l\u00e2mina com a tradicional espiral. Entrega r\u00e1pida, aproveite o frete gr\u00e1tis!","robots":{"index":"index","follow":"follow","max-snippet":"max-snippet:-1","max-image-preview":"max-image-preview:large","max-video-preview":"max-video-preview:-1"},"canonical":"https:\/\/thedlz.com\/?product=the-sommelier","og_locale":"pt_BR","og_type":"article","og_title":"The Sommelier Gravity - The DLZ","og_description":"The DLZ O saca-rolhas indispens\u00e1vel para amantes do vinho. \u00c9 um saca-rolhas de a\u00e7o inox, combinando as vantagens da l\u00e2mina com a tradicional espiral. Entrega r\u00e1pida, aproveite o frete gr\u00e1tis!","og_url":"https:\/\/thedlz.com\/?product=the-sommelier","og_site_name":"The DLZ","article_modified_time":"2025-02-19T17:02:03+00:00","og_image":[{"width":1080,"height":1080,"url":"https:\/\/thedlz.com\/wp-content\/uploads\/2022\/09\/THESOME.png","type":"image\/png"}],"twitter_card":"summary_large_image","twitter_misc":{"Est. tempo de leitura":"1 minuto"},"schema":{"@context":"https:\/\/schema.org","@graph":[{"@type":"WebPage","@id":"https:\/\/thedlz.com\/?product=the-sommelier","url":"https:\/\/thedlz.com\/?product=the-sommelier","name":"The Sommelier Gravity - The DLZ","isPartOf":{"@id":"https:\/\/thedlz.com\/#website"},"primaryImageOfPage":{"@id":"https:\/\/thedlz.com\/?product=the-sommelier#primaryimage"},"image":{"@id":"https:\/\/thedlz.com\/?product=the-sommelier#primaryimage"},"thumbnailUrl":"https:\/\/thedlz.com\/wp-content\/uploads\/2022\/09\/THESOME.png","datePublished":"2022-02-16T16:20:56+00:00","dateModified":"2025-02-19T17:02:03+00:00","description":"The DLZ O saca-rolhas indispens\u00e1vel para amantes do vinho. \u00c9 um saca-rolhas de a\u00e7o inox, combinando as vantagens da l\u00e2mina com a tradicional espiral. Entrega r\u00e1pida, aproveite o frete gr\u00e1tis!","breadcrumb":{"@id":"https:\/\/thedlz.com\/?product=the-sommelier#breadcrumb"},"inLanguage":"pt-BR","potentialAction":[{"@type":"ReadAction","target":["https:\/\/thedlz.com\/?product=the-sommelier"]}]},{"@type":"ImageObject","inLanguage":"pt-BR","@id":"https:\/\/thedlz.com\/?product=the-sommelier#primaryimage","url":"https:\/\/thedlz.com\/wp-content\/uploads\/2022\/09\/THESOME.png","contentUrl":"https:\/\/thedlz.com\/wp-content\/uploads\/2022\/09\/THESOME.png","width":1080,"height":1080},{"@type":"BreadcrumbList","@id":"https:\/\/thedlz.com\/?product=the-sommelier#breadcrumb","itemListElement":[{"@type":"ListItem","position":1,"name":"In\u00edcio","item":"https:\/\/thedlz.com\/"},{"@type":"ListItem","position":2,"name":"Shop","item":"https:\/\/thedlz.com\/?page_id=6"},{"@type":"ListItem","position":3,"name":"The Sommelier Gravity"}]},{"@type":"WebSite","@id":"https:\/\/thedlz.com\/#website","url":"https:\/\/thedlz.com\/","name":"The DLZ","description":"Perfeito para remo\u00e7\u00e3o de rolhas fr\u00e1geis e desgastadas pelo tempo","publisher":{"@id":"https:\/\/thedlz.com\/#organization"},"potentialAction":[{"@type":"SearchAction","target":{"@type":"EntryPoint","urlTemplate":"https:\/\/thedlz.com\/?s={search_term_string}"},"query-input":{"@type":"PropertyValueSpecification","valueRequired":true,"valueName":"search_term_string"}}],"inLanguage":"pt-BR"},{"@type":"Organization","@id":"https:\/\/thedlz.com\/#organization","name":"The DLZ","url":"https:\/\/thedlz.com\/","logo":{"@type":"ImageObject","inLanguage":"pt-BR","@id":"https:\/\/thedlz.com\/#\/schema\/logo\/image\/","url":"https:\/\/thedlz.com\/wp-content\/uploads\/2025\/02\/thedlz-brand-qyegus584waj6gg36c1tgnkd8p4ztvfba0sxtg755c-1.png","contentUrl":"https:\/\/thedlz.com\/wp-content\/uploads\/2025\/02\/thedlz-brand-qyegus584waj6gg36c1tgnkd8p4ztvfba0sxtg755c-1.png","width":102,"height":81,"caption":"The DLZ"},"image":{"@id":"https:\/\/thedlz.com\/#\/schema\/logo\/image\/"},"sameAs":["https:\/\/www.instagram.com\/the.dlz","https:\/\/www.instagram.com\/danieldalzochio"]}]}},"_links":{"self":[{"href":"https:\/\/thedlz.com\/index.php?rest_route=\/wp\/v2\/product\/3040","targetHints":{"allow":["GET"]}}],"collection":[{"href":"https:\/\/thedlz.com\/index.php?rest_route=\/wp\/v2\/product"}],"about":[{"href":"https:\/\/thedlz.com\/index.php?rest_route=\/wp\/v2\/types\/product"}],"version-history":[{"count":3,"href":"https:\/\/thedlz.com\/index.php?rest_route=\/wp\/v2\/product\/3040\/revisions"}],"predecessor-version":[{"id":5113,"href":"https:\/\/thedlz.com\/index.php?rest_route=\/wp\/v2\/product\/3040\/revisions\/5113"}],"wp:featuredmedia":[{"embeddable":true,"href":"https:\/\/thedlz.com\/index.php?rest_route=\/wp\/v2\/media\/3742"}],"wp:attachment":[{"href":"https:\/\/thedlz.com\/index.php?rest_route=%2Fwp%2Fv2%2Fmedia&parent=3040"}],"wp:term":[{"taxonomy":"product_brand","embeddable":true,"href":"https:\/\/thedlz.com\/index.php?rest_route=%2Fwp%2Fv2%2Fproduct_brand&post=3040"},{"taxonomy":"product_cat","embeddable":true,"href":"https:\/\/thedlz.com\/index.php?rest_route=%2Fwp%2Fv2%2Fproduct_cat&post=3040"},{"taxonomy":"product_tag","embeddable":true,"href":"https:\/\/thedlz.com\/index.php?rest_route=%2Fwp%2Fv2%2Fproduct_tag&post=3040"}],"curies":[{"name":"wp","href":"https:\/\/api.w.org\/{rel}","templated":true}]}}