{"id":8,"date":"2020-12-22T13:30:05","date_gmt":"2020-12-22T16:30:05","guid":{"rendered":"http:\/\/35.196.129.241\/index.php\/checkout\/"},"modified":"2024-12-11T22:58:55","modified_gmt":"2024-12-12T01:58:55","slug":"checkout","status":"publish","type":"page","link":"https:\/\/thedlz.com\/?page_id=8","title":{"rendered":"Checkout"},"content":{"rendered":"\t\t<div data-elementor-type=\"wp-page\" data-elementor-id=\"8\" class=\"elementor elementor-8\" data-elementor-post-type=\"page\">\n\t\t\t\t\t\t<section class=\"elementor-section elementor-top-section elementor-element elementor-element-7adaffee elementor-section-boxed elementor-section-height-default elementor-section-height-default\" data-id=\"7adaffee\" data-element_type=\"section\" data-e-type=\"section\">\n\t\t\t\t\t\t<div class=\"elementor-container elementor-column-gap-default\">\n\t\t\t\t\t<div class=\"elementor-column elementor-col-100 elementor-top-column elementor-element elementor-element-2313f005\" data-id=\"2313f005\" data-element_type=\"column\" data-e-type=\"column\">\n\t\t\t<div class=\"elementor-widget-wrap elementor-element-populated\">\n\t\t\t\t\t\t<div class=\"elementor-element elementor-element-5586e0d e-checkout-layout-two-column elementor-widget elementor-widget-woocommerce-checkout-page\" data-id=\"5586e0d\" data-element_type=\"widget\" data-e-type=\"widget\" data-settings=\"{&quot;sticky_right_column&quot;:&quot;yes&quot;}\" data-widget_type=\"woocommerce-checkout-page.default\">\n\t\t\t\t<div class=\"elementor-widget-container\">\n\t\t\t\t\t<div class=\"woocommerce\"><div class=\"woocommerce-notices-wrapper\"><\/div><\/div>\t\t\t\t<\/div>\n\t\t\t\t<\/div>\n\t\t\t\t\t<\/div>\n\t\t<\/div>\n\t\t\t\t\t<\/div>\n\t\t<\/section>\n\t\t\t\t<\/div>\n\t\t","protected":false},"excerpt":{"rendered":"<p>FATURAMENTO E ENTREGA Nome&nbsp;* Sobrenome&nbsp;* Email &nbsp;* CEP&nbsp;* CPF&nbsp;(opcional) TELEFONE&nbsp;* Celular&nbsp;* Endere\u00e7o&nbsp;* N\u00famero&nbsp;* Complemento&nbsp;(opcional) Bairro&nbsp;* Cidade&nbsp;* Estado&nbsp;*Selecione uma op\u00e7\u00e3o&hellip;AcreAlagoasAmap\u00e1AmazonasBahiaCear\u00e1Distrito FederalEsp\u00edrito SantoGoi\u00e1sMaranh\u00e3oMato GrossoMato Grosso do SulMinas GeraisPar\u00e1Para\u00edbaParan\u00e1PernambucoPiau\u00edRio de JaneiroRio Grande do NorteRio Grande do SulRond\u00f4niaRoraimaSanta CatarinaS\u00e3o PauloSergipeTocantins Pa\u00eds&nbsp;*Brasil Notas do pedido&nbsp;(opcional) SEU PEDIDO Produto Subtotal The DLZ&nbsp; &times;&nbsp;1 &#82;&#36;680,00 The Sommelier&nbsp; &times;&nbsp;1 &#82;&#36;297,00 Subtotal &#82;&#36;977,00 Entrega Sedex Contrato (03220) Desconto para Pix -&#82;&#36;48,85 Total &#82;&#36;928,15 TEM&#8230; <\/p>\n<p class=\"more\"><a class=\"more-link\" href=\"https:\/\/thedlz.com\/?page_id=8\">Read More<\/a><\/p>\n","protected":false},"author":1,"featured_media":0,"parent":0,"menu_order":0,"comment_status":"closed","ping_status":"closed","template":"page_template-full.php","meta":{"footnotes":""},"class_list":["post-8","page","type-page","status-publish","hentry","is-cat-link-line-before"],"yoast_head":"<!-- This site is optimized with the Yoast SEO plugin v27.5 - https:\/\/yoast.com\/product\/yoast-seo-wordpress\/ -->\n<title>Checkout - The DLZ<\/title>\n<meta name=\"description\" content=\"The DLZ O saca-rolhas indispens\u00e1vel para amantes do vinho. \u00c9 um saca-rolhas de a\u00e7o inox, combinando as vantagens da l\u00e2mina com a tradicional espiral. Entrega r\u00e1pida, aproveite o frete gr\u00e1tis!\" \/>\n<meta name=\"robots\" content=\"index, follow, max-snippet:-1, max-image-preview:large, max-video-preview:-1\" \/>\n<link rel=\"canonical\" href=\"https:\/\/thedlz.com\/?page_id=8\" \/>\n<meta property=\"og:locale\" content=\"pt_BR\" \/>\n<meta property=\"og:type\" content=\"article\" \/>\n<meta property=\"og:title\" content=\"Checkout - The DLZ\" \/>\n<meta property=\"og:description\" content=\"The DLZ O saca-rolhas indispens\u00e1vel para amantes do vinho. \u00c9 um saca-rolhas de a\u00e7o inox, combinando as vantagens da l\u00e2mina com a tradicional espiral. Entrega r\u00e1pida, aproveite o frete gr\u00e1tis!\" \/>\n<meta property=\"og:url\" content=\"https:\/\/thedlz.com\/?page_id=8\" \/>\n<meta property=\"og:site_name\" content=\"The DLZ\" \/>\n<meta property=\"article:modified_time\" content=\"2024-12-12T01:58:55+00:00\" \/>\n<meta name=\"twitter:card\" content=\"summary_large_image\" \/>\n<meta name=\"twitter:label1\" content=\"Est. tempo de leitura\" \/>\n\t<meta name=\"twitter:data1\" content=\"1 minuto\" \/>\n<script type=\"application\/ld+json\" class=\"yoast-schema-graph\">{\"@context\":\"https:\\\/\\\/schema.org\",\"@graph\":[{\"@type\":\"WebPage\",\"@id\":\"https:\\\/\\\/thedlz.com\\\/?page_id=8\",\"url\":\"https:\\\/\\\/thedlz.com\\\/?page_id=8\",\"name\":\"Checkout - The DLZ\",\"isPartOf\":{\"@id\":\"https:\\\/\\\/thedlz.com\\\/#website\"},\"datePublished\":\"2020-12-22T16:30:05+00:00\",\"dateModified\":\"2024-12-12T01:58:55+00:00\",\"description\":\"The DLZ O saca-rolhas indispens\u00e1vel para amantes do vinho. \u00c9 um saca-rolhas de a\u00e7o inox, combinando as vantagens da l\u00e2mina com a tradicional espiral. Entrega r\u00e1pida, aproveite o frete gr\u00e1tis!\",\"breadcrumb\":{\"@id\":\"https:\\\/\\\/thedlz.com\\\/?page_id=8#breadcrumb\"},\"inLanguage\":\"pt-BR\",\"potentialAction\":[{\"@type\":\"ReadAction\",\"target\":[\"https:\\\/\\\/thedlz.com\\\/?page_id=8\"]}]},{\"@type\":\"BreadcrumbList\",\"@id\":\"https:\\\/\\\/thedlz.com\\\/?page_id=8#breadcrumb\",\"itemListElement\":[{\"@type\":\"ListItem\",\"position\":1,\"name\":\"In\u00edcio\",\"item\":\"https:\\\/\\\/thedlz.com\\\/\"},{\"@type\":\"ListItem\",\"position\":2,\"name\":\"Checkout\"}]},{\"@type\":\"WebSite\",\"@id\":\"https:\\\/\\\/thedlz.com\\\/#website\",\"url\":\"https:\\\/\\\/thedlz.com\\\/\",\"name\":\"The DLZ\",\"description\":\"Perfeito para remo\u00e7\u00e3o de rolhas fr\u00e1geis e desgastadas pelo tempo\",\"publisher\":{\"@id\":\"https:\\\/\\\/thedlz.com\\\/#organization\"},\"potentialAction\":[{\"@type\":\"SearchAction\",\"target\":{\"@type\":\"EntryPoint\",\"urlTemplate\":\"https:\\\/\\\/thedlz.com\\\/?s={search_term_string}\"},\"query-input\":{\"@type\":\"PropertyValueSpecification\",\"valueRequired\":true,\"valueName\":\"search_term_string\"}}],\"inLanguage\":\"pt-BR\"},{\"@type\":\"Organization\",\"@id\":\"https:\\\/\\\/thedlz.com\\\/#organization\",\"name\":\"The DLZ\",\"url\":\"https:\\\/\\\/thedlz.com\\\/\",\"logo\":{\"@type\":\"ImageObject\",\"inLanguage\":\"pt-BR\",\"@id\":\"https:\\\/\\\/thedlz.com\\\/#\\\/schema\\\/logo\\\/image\\\/\",\"url\":\"https:\\\/\\\/thedlz.com\\\/wp-content\\\/uploads\\\/2025\\\/02\\\/thedlz-brand-qyegus584waj6gg36c1tgnkd8p4ztvfba0sxtg755c-1.png\",\"contentUrl\":\"https:\\\/\\\/thedlz.com\\\/wp-content\\\/uploads\\\/2025\\\/02\\\/thedlz-brand-qyegus584waj6gg36c1tgnkd8p4ztvfba0sxtg755c-1.png\",\"width\":102,\"height\":81,\"caption\":\"The DLZ\"},\"image\":{\"@id\":\"https:\\\/\\\/thedlz.com\\\/#\\\/schema\\\/logo\\\/image\\\/\"},\"sameAs\":[\"https:\\\/\\\/www.instagram.com\\\/the.dlz\",\"https:\\\/\\\/www.instagram.com\\\/danieldalzochio\"]}]}<\/script>\n<!-- \/ Yoast SEO plugin. -->","yoast_head_json":{"title":"Checkout - The DLZ","description":"The DLZ O saca-rolhas indispens\u00e1vel para amantes do vinho. \u00c9 um saca-rolhas de a\u00e7o inox, combinando as vantagens da l\u00e2mina com a tradicional espiral. Entrega r\u00e1pida, aproveite o frete gr\u00e1tis!","robots":{"index":"index","follow":"follow","max-snippet":"max-snippet:-1","max-image-preview":"max-image-preview:large","max-video-preview":"max-video-preview:-1"},"canonical":"https:\/\/thedlz.com\/?page_id=8","og_locale":"pt_BR","og_type":"article","og_title":"Checkout - The DLZ","og_description":"The DLZ O saca-rolhas indispens\u00e1vel para amantes do vinho. \u00c9 um saca-rolhas de a\u00e7o inox, combinando as vantagens da l\u00e2mina com a tradicional espiral. Entrega r\u00e1pida, aproveite o frete gr\u00e1tis!","og_url":"https:\/\/thedlz.com\/?page_id=8","og_site_name":"The DLZ","article_modified_time":"2024-12-12T01:58:55+00:00","twitter_card":"summary_large_image","twitter_misc":{"Est. tempo de leitura":"1 minuto"},"schema":{"@context":"https:\/\/schema.org","@graph":[{"@type":"WebPage","@id":"https:\/\/thedlz.com\/?page_id=8","url":"https:\/\/thedlz.com\/?page_id=8","name":"Checkout - The DLZ","isPartOf":{"@id":"https:\/\/thedlz.com\/#website"},"datePublished":"2020-12-22T16:30:05+00:00","dateModified":"2024-12-12T01:58:55+00:00","description":"The DLZ O saca-rolhas indispens\u00e1vel para amantes do vinho. \u00c9 um saca-rolhas de a\u00e7o inox, combinando as vantagens da l\u00e2mina com a tradicional espiral. Entrega r\u00e1pida, aproveite o frete gr\u00e1tis!","breadcrumb":{"@id":"https:\/\/thedlz.com\/?page_id=8#breadcrumb"},"inLanguage":"pt-BR","potentialAction":[{"@type":"ReadAction","target":["https:\/\/thedlz.com\/?page_id=8"]}]},{"@type":"BreadcrumbList","@id":"https:\/\/thedlz.com\/?page_id=8#breadcrumb","itemListElement":[{"@type":"ListItem","position":1,"name":"In\u00edcio","item":"https:\/\/thedlz.com\/"},{"@type":"ListItem","position":2,"name":"Checkout"}]},{"@type":"WebSite","@id":"https:\/\/thedlz.com\/#website","url":"https:\/\/thedlz.com\/","name":"The DLZ","description":"Perfeito para remo\u00e7\u00e3o de rolhas fr\u00e1geis e desgastadas pelo tempo","publisher":{"@id":"https:\/\/thedlz.com\/#organization"},"potentialAction":[{"@type":"SearchAction","target":{"@type":"EntryPoint","urlTemplate":"https:\/\/thedlz.com\/?s={search_term_string}"},"query-input":{"@type":"PropertyValueSpecification","valueRequired":true,"valueName":"search_term_string"}}],"inLanguage":"pt-BR"},{"@type":"Organization","@id":"https:\/\/thedlz.com\/#organization","name":"The DLZ","url":"https:\/\/thedlz.com\/","logo":{"@type":"ImageObject","inLanguage":"pt-BR","@id":"https:\/\/thedlz.com\/#\/schema\/logo\/image\/","url":"https:\/\/thedlz.com\/wp-content\/uploads\/2025\/02\/thedlz-brand-qyegus584waj6gg36c1tgnkd8p4ztvfba0sxtg755c-1.png","contentUrl":"https:\/\/thedlz.com\/wp-content\/uploads\/2025\/02\/thedlz-brand-qyegus584waj6gg36c1tgnkd8p4ztvfba0sxtg755c-1.png","width":102,"height":81,"caption":"The DLZ"},"image":{"@id":"https:\/\/thedlz.com\/#\/schema\/logo\/image\/"},"sameAs":["https:\/\/www.instagram.com\/the.dlz","https:\/\/www.instagram.com\/danieldalzochio"]}]}},"_links":{"self":[{"href":"https:\/\/thedlz.com\/index.php?rest_route=\/wp\/v2\/pages\/8","targetHints":{"allow":["GET"]}}],"collection":[{"href":"https:\/\/thedlz.com\/index.php?rest_route=\/wp\/v2\/pages"}],"about":[{"href":"https:\/\/thedlz.com\/index.php?rest_route=\/wp\/v2\/types\/page"}],"author":[{"embeddable":true,"href":"https:\/\/thedlz.com\/index.php?rest_route=\/wp\/v2\/users\/1"}],"replies":[{"embeddable":true,"href":"https:\/\/thedlz.com\/index.php?rest_route=%2Fwp%2Fv2%2Fcomments&post=8"}],"version-history":[{"count":1,"href":"https:\/\/thedlz.com\/index.php?rest_route=\/wp\/v2\/pages\/8\/revisions"}],"predecessor-version":[{"id":4997,"href":"https:\/\/thedlz.com\/index.php?rest_route=\/wp\/v2\/pages\/8\/revisions\/4997"}],"wp:attachment":[{"href":"https:\/\/thedlz.com\/index.php?rest_route=%2Fwp%2Fv2%2Fmedia&parent=8"}],"curies":[{"name":"wp","href":"https:\/\/api.w.org\/{rel}","templated":true}]}}