{"id":7,"date":"2020-12-22T13:30:05","date_gmt":"2020-12-22T13:30:05","guid":{"rendered":"http:\/\/35.196.129.241\/index.php\/cart\/"},"modified":"2024-12-11T22:58:44","modified_gmt":"2024-12-12T01:58:44","slug":"cart","status":"publish","type":"page","link":"https:\/\/thedlz.com\/?page_id=7","title":{"rendered":"Cart"},"content":{"rendered":"\t\t<div data-elementor-type=\"wp-page\" data-elementor-id=\"7\" class=\"elementor elementor-7\" data-elementor-post-type=\"page\">\n\t\t\t\t<div class=\"elementor-element elementor-element-8772841 e-flex e-con-boxed e-con e-parent\" data-id=\"8772841\" data-element_type=\"container\" data-e-type=\"container\">\n\t\t\t\t\t<div class=\"e-con-inner\">\n\t\t<div class=\"elementor-element elementor-element-93c8adf e-con-full e-flex e-con e-parent\" data-id=\"93c8adf\" data-element_type=\"container\" data-e-type=\"container\">\n\t\t\t\t<\/div>\n\t\t<div class=\"elementor-element elementor-element-aab05f7 e-con-full e-flex e-con e-parent\" data-id=\"aab05f7\" data-element_type=\"container\" data-e-type=\"container\">\n\t\t\t\t<div class=\"elementor-element elementor-element-f9403e3 e-cart-layout-two-column elementor-widget elementor-widget-woocommerce-cart\" data-id=\"f9403e3\" data-element_type=\"widget\" data-e-type=\"widget\" data-settings=\"{&quot;update_cart_automatically&quot;:&quot;yes&quot;,&quot;sticky_right_column&quot;:&quot;yes&quot;}\" data-widget_type=\"woocommerce-cart.default\">\n\t\t\t\t<div class=\"elementor-widget-container\">\n\t\t\t\t\t<div class=\"woocommerce\"><div class=\"woocommerce-notices-wrapper\"><\/div><div class=\"wc-empty-cart-message\">\n\t<div class=\"cart-empty woocommerce-info\" role=\"status\">\n\t\tSeu carrinho est\u00e1 vazio.\t<\/div>\n<\/div>\t<p class=\"return-to-shop\">\n\t\t<a class=\"button wc-backward\" href=\"https:\/\/thedlz.com\/?page_id=6\">\n\t\t\tRetornar para a loja\t\t<\/a>\n\t<\/p>\n<\/div>\t\t\t\t<\/div>\n\t\t\t\t<\/div>\n\t\t\t\t<\/div>\n\t\t<div class=\"elementor-element elementor-element-ca321f2 e-con-full e-flex e-con e-parent\" data-id=\"ca321f2\" data-element_type=\"container\" data-e-type=\"container\">\n\t\t\t\t<\/div>\n\t\t\t\t\t<\/div>\n\t\t\t\t<\/div>\n\t\t<div class=\"elementor-element elementor-element-37e4264 e-con-full e-flex e-con e-parent\" data-id=\"37e4264\" data-element_type=\"container\" data-e-type=\"container\" data-settings=\"{&quot;background_background&quot;:&quot;classic&quot;}\">\n\t\t\t\t<div class=\"elementor-element elementor-element-19b3ca6 elementor-view-default elementor-position-block-start elementor-mobile-position-block-start elementor-widget elementor-widget-icon-box\" data-id=\"19b3ca6\" data-element_type=\"widget\" data-e-type=\"widget\" data-widget_type=\"icon-box.default\">\n\t\t\t\t<div class=\"elementor-widget-container\">\n\t\t\t\t\t\t\t<div class=\"elementor-icon-box-wrapper\">\n\n\t\t\t\t\t\t<div class=\"elementor-icon-box-icon\">\n\t\t\t\t<span  class=\"elementor-icon\">\n\t\t\t\t<svg aria-hidden=\"true\" class=\"e-font-icon-svg e-fas-box\" viewBox=\"0 0 512 512\" xmlns=\"http:\/\/www.w3.org\/2000\/svg\"><path d=\"M509.5 184.6L458.9 32.8C452.4 13.2 434.1 0 413.4 0H272v192h238.7c-.4-2.5-.4-5-1.2-7.4zM240 0H98.6c-20.7 0-39 13.2-45.5 32.8L2.5 184.6c-.8 2.4-.8 4.9-1.2 7.4H240V0zM0 224v240c0 26.5 21.5 48 48 48h416c26.5 0 48-21.5 48-48V224H0z\"><\/path><\/svg>\t\t\t\t<\/span>\n\t\t\t<\/div>\n\t\t\t\n\t\t\t\t\t\t<div class=\"elementor-icon-box-content\">\n\n\t\t\t\t\t\t\t\t\t<h4 class=\"elementor-icon-box-title\">\n\t\t\t\t\t\t<span  >\n\t\t\t\t\t\t\tFrete Gr\u00e1tis\t\t\t\t\t\t<\/span>\n\t\t\t\t\t<\/h4>\n\t\t\t\t\n\t\t\t\t\t\t\t\t\t<p class=\"elementor-icon-box-description\">\n\t\t\t\t\t\tPara todo o Brasil\t\t\t\t\t<\/p>\n\t\t\t\t\n\t\t\t<\/div>\n\t\t\t\n\t\t<\/div>\n\t\t\t\t\t\t<\/div>\n\t\t\t\t<\/div>\n\t\t\t\t<div class=\"elementor-element elementor-element-312ed35 elementor-view-default elementor-position-block-start elementor-mobile-position-block-start elementor-widget elementor-widget-icon-box\" data-id=\"312ed35\" data-element_type=\"widget\" data-e-type=\"widget\" data-widget_type=\"icon-box.default\">\n\t\t\t\t<div class=\"elementor-widget-container\">\n\t\t\t\t\t\t\t<div class=\"elementor-icon-box-wrapper\">\n\n\t\t\t\t\t\t<div class=\"elementor-icon-box-icon\">\n\t\t\t\t<span  class=\"elementor-icon\">\n\t\t\t\t<svg aria-hidden=\"true\" class=\"e-font-icon-svg e-fas-calendar-alt\" viewBox=\"0 0 448 512\" xmlns=\"http:\/\/www.w3.org\/2000\/svg\"><path d=\"M0 464c0 26.5 21.5 48 48 48h352c26.5 0 48-21.5 48-48V192H0v272zm320-196c0-6.6 5.4-12 12-12h40c6.6 0 12 5.4 12 12v40c0 6.6-5.4 12-12 12h-40c-6.6 0-12-5.4-12-12v-40zm0 128c0-6.6 5.4-12 12-12h40c6.6 0 12 5.4 12 12v40c0 6.6-5.4 12-12 12h-40c-6.6 0-12-5.4-12-12v-40zM192 268c0-6.6 5.4-12 12-12h40c6.6 0 12 5.4 12 12v40c0 6.6-5.4 12-12 12h-40c-6.6 0-12-5.4-12-12v-40zm0 128c0-6.6 5.4-12 12-12h40c6.6 0 12 5.4 12 12v40c0 6.6-5.4 12-12 12h-40c-6.6 0-12-5.4-12-12v-40zM64 268c0-6.6 5.4-12 12-12h40c6.6 0 12 5.4 12 12v40c0 6.6-5.4 12-12 12H76c-6.6 0-12-5.4-12-12v-40zm0 128c0-6.6 5.4-12 12-12h40c6.6 0 12 5.4 12 12v40c0 6.6-5.4 12-12 12H76c-6.6 0-12-5.4-12-12v-40zM400 64h-48V16c0-8.8-7.2-16-16-16h-32c-8.8 0-16 7.2-16 16v48H160V16c0-8.8-7.2-16-16-16h-32c-8.8 0-16 7.2-16 16v48H48C21.5 64 0 85.5 0 112v48h448v-48c0-26.5-21.5-48-48-48z\"><\/path><\/svg>\t\t\t\t<\/span>\n\t\t\t<\/div>\n\t\t\t\n\t\t\t\t\t\t<div class=\"elementor-icon-box-content\">\n\n\t\t\t\t\t\t\t\t\t<h4 class=\"elementor-icon-box-title\">\n\t\t\t\t\t\t<span  >\n\t\t\t\t\t\t\t10X SEM JUROS\t\t\t\t\t\t<\/span>\n\t\t\t\t\t<\/h4>\n\t\t\t\t\n\t\t\t\t\t\t\t\t\t<p class=\"elementor-icon-box-description\">\n\t\t\t\t\t\tVoc\u00ea pode parcelar sua compra em at\u00e9 10x\t\t\t\t\t<\/p>\n\t\t\t\t\n\t\t\t<\/div>\n\t\t\t\n\t\t<\/div>\n\t\t\t\t\t\t<\/div>\n\t\t\t\t<\/div>\n\t\t\t\t<div class=\"elementor-element elementor-element-86e1435 elementor-view-default elementor-position-block-start elementor-mobile-position-block-start elementor-widget elementor-widget-icon-box\" data-id=\"86e1435\" data-element_type=\"widget\" data-e-type=\"widget\" data-widget_type=\"icon-box.default\">\n\t\t\t\t<div class=\"elementor-widget-container\">\n\t\t\t\t\t\t\t<div class=\"elementor-icon-box-wrapper\">\n\n\t\t\t\t\t\t<div class=\"elementor-icon-box-icon\">\n\t\t\t\t<span  class=\"elementor-icon\">\n\t\t\t\t<svg aria-hidden=\"true\" class=\"e-font-icon-svg e-far-credit-card\" viewBox=\"0 0 576 512\" xmlns=\"http:\/\/www.w3.org\/2000\/svg\"><path d=\"M527.9 32H48.1C21.5 32 0 53.5 0 80v352c0 26.5 21.5 48 48.1 48h479.8c26.6 0 48.1-21.5 48.1-48V80c0-26.5-21.5-48-48.1-48zM54.1 80h467.8c3.3 0 6 2.7 6 6v42H48.1V86c0-3.3 2.7-6 6-6zm467.8 352H54.1c-3.3 0-6-2.7-6-6V256h479.8v170c0 3.3-2.7 6-6 6zM192 332v40c0 6.6-5.4 12-12 12h-72c-6.6 0-12-5.4-12-12v-40c0-6.6 5.4-12 12-12h72c6.6 0 12 5.4 12 12zm192 0v40c0 6.6-5.4 12-12 12H236c-6.6 0-12-5.4-12-12v-40c0-6.6 5.4-12 12-12h136c6.6 0 12 5.4 12 12z\"><\/path><\/svg>\t\t\t\t<\/span>\n\t\t\t<\/div>\n\t\t\t\n\t\t\t\t\t\t<div class=\"elementor-icon-box-content\">\n\n\t\t\t\t\t\t\t\t\t<h4 class=\"elementor-icon-box-title\">\n\t\t\t\t\t\t<span  >\n\t\t\t\t\t\t\tCART\u00c2O ou PIX\t\t\t\t\t\t<\/span>\n\t\t\t\t\t<\/h4>\n\t\t\t\t\n\t\t\t\t\t\t\t\t\t<p class=\"elementor-icon-box-description\">\n\t\t\t\t\t\tPIX ou Cart\u00e3o de Cr\u00e9dito - processados pelo Pagar.me\t\t\t\t\t<\/p>\n\t\t\t\t\n\t\t\t<\/div>\n\t\t\t\n\t\t<\/div>\n\t\t\t\t\t\t<\/div>\n\t\t\t\t<\/div>\n\t\t\t\t<div class=\"elementor-element elementor-element-fcb002f elementor-view-default elementor-position-block-start elementor-mobile-position-block-start elementor-widget elementor-widget-icon-box\" data-id=\"fcb002f\" data-element_type=\"widget\" data-e-type=\"widget\" data-widget_type=\"icon-box.default\">\n\t\t\t\t<div class=\"elementor-widget-container\">\n\t\t\t\t\t\t\t<div class=\"elementor-icon-box-wrapper\">\n\n\t\t\t\t\t\t<div class=\"elementor-icon-box-icon\">\n\t\t\t\t<span  class=\"elementor-icon\">\n\t\t\t\t<svg aria-hidden=\"true\" class=\"e-font-icon-svg e-fas-calendar-check\" viewBox=\"0 0 448 512\" xmlns=\"http:\/\/www.w3.org\/2000\/svg\"><path d=\"M436 160H12c-6.627 0-12-5.373-12-12v-36c0-26.51 21.49-48 48-48h48V12c0-6.627 5.373-12 12-12h40c6.627 0 12 5.373 12 12v52h128V12c0-6.627 5.373-12 12-12h40c6.627 0 12 5.373 12 12v52h48c26.51 0 48 21.49 48 48v36c0 6.627-5.373 12-12 12zM12 192h424c6.627 0 12 5.373 12 12v260c0 26.51-21.49 48-48 48H48c-26.51 0-48-21.49-48-48V204c0-6.627 5.373-12 12-12zm333.296 95.947l-28.169-28.398c-4.667-4.705-12.265-4.736-16.97-.068L194.12 364.665l-45.98-46.352c-4.667-4.705-12.266-4.736-16.971-.068l-28.397 28.17c-4.705 4.667-4.736 12.265-.068 16.97l82.601 83.269c4.667 4.705 12.265 4.736 16.97.068l142.953-141.805c4.705-4.667 4.736-12.265.068-16.97z\"><\/path><\/svg>\t\t\t\t<\/span>\n\t\t\t<\/div>\n\t\t\t\n\t\t\t\t\t\t<div class=\"elementor-icon-box-content\">\n\n\t\t\t\t\t\t\t\t\t<h4 class=\"elementor-icon-box-title\">\n\t\t\t\t\t\t<span  >\n\t\t\t\t\t\t\tPrazo de Entrega\t\t\t\t\t\t<\/span>\n\t\t\t\t\t<\/h4>\n\t\t\t\t\n\t\t\t\t\t\t\t\t\t<p class=\"elementor-icon-box-description\">\n\t\t\t\t\t\tEm at\u00e9 5 dias \u00fateis.\n\t\t\t\t\t<\/p>\n\t\t\t\t\n\t\t\t<\/div>\n\t\t\t\n\t\t<\/div>\n\t\t\t\t\t\t<\/div>\n\t\t\t\t<\/div>\n\t\t\t\t<div class=\"elementor-element elementor-element-334e39a elementor-view-default elementor-position-block-start elementor-mobile-position-block-start elementor-widget elementor-widget-icon-box\" data-id=\"334e39a\" data-element_type=\"widget\" data-e-type=\"widget\" data-widget_type=\"icon-box.default\">\n\t\t\t\t<div class=\"elementor-widget-container\">\n\t\t\t\t\t\t\t<div class=\"elementor-icon-box-wrapper\">\n\n\t\t\t\t\t\t<div class=\"elementor-icon-box-icon\">\n\t\t\t\t<span  class=\"elementor-icon\">\n\t\t\t\t<svg aria-hidden=\"true\" class=\"e-font-icon-svg e-fas-box\" viewBox=\"0 0 512 512\" xmlns=\"http:\/\/www.w3.org\/2000\/svg\"><path d=\"M509.5 184.6L458.9 32.8C452.4 13.2 434.1 0 413.4 0H272v192h238.7c-.4-2.5-.4-5-1.2-7.4zM240 0H98.6c-20.7 0-39 13.2-45.5 32.8L2.5 184.6c-.8 2.4-.8 4.9-1.2 7.4H240V0zM0 224v240c0 26.5 21.5 48 48 48h416c26.5 0 48-21.5 48-48V224H0z\"><\/path><\/svg>\t\t\t\t<\/span>\n\t\t\t<\/div>\n\t\t\t\n\t\t\t\t\t\t<div class=\"elementor-icon-box-content\">\n\n\t\t\t\t\t\t\t\t\t<h4 class=\"elementor-icon-box-title\">\n\t\t\t\t\t\t<span  >\n\t\t\t\t\t\t\tEstoque\t\t\t\t\t\t<\/span>\n\t\t\t\t\t<\/h4>\n\t\t\t\t\n\t\t\t\t\t\t\t\t\t<p class=\"elementor-icon-box-description\">\n\t\t\t\t\t\tNosso estoque \u00e9 limitado. <br><b>\nCondi\u00e7\u00e3o especial para Varejista. <\/b>\t\t\t\t\t<\/p>\n\t\t\t\t\n\t\t\t<\/div>\n\t\t\t\n\t\t<\/div>\n\t\t\t\t\t\t<\/div>\n\t\t\t\t<\/div>\n\t\t\t\t<\/div>\n\t\t<div class=\"elementor-element elementor-element-7a1c912 e-flex e-con-boxed e-con e-parent\" data-id=\"7a1c912\" data-element_type=\"container\" data-e-type=\"container\">\n\t\t\t\t\t<div class=\"e-con-inner\">\n\t\t\t\t<div class=\"elementor-element elementor-element-975ac5f elementor-widget elementor-widget-text-editor\" data-id=\"975ac5f\" data-element_type=\"widget\" data-e-type=\"widget\" data-widget_type=\"text-editor.default\">\n\t\t\t\t<div class=\"elementor-widget-container\">\n\t\t\t\t\t\t\t\t\t<p>THE<b> DLZ COMERCIO\u00a0 VAREJISTA LTDA<br \/><\/b>38.595.416\/0001-72 | Rua Mateus Grou 575 &#8211; Pinheiros<br \/>05415-050 &#8211; S\u00e3o Paulo &#8211; SP<br \/><br \/><a href=\"mailto:info@34.139.18.184\"><b>info@34.139.18.184 |<\/b><\/a>\u00a0<strong><a href=\"https:\/\/www.instagram.com\/the.dlz\/\">@the.dlz<\/a>\u00a0<br \/><\/strong><b><br \/><\/b><\/p>\t\t\t\t\t\t\t\t<\/div>\n\t\t\t\t<\/div>\n\t\t\t\t\t<\/div>\n\t\t\t\t<\/div>\n\t\t<div class=\"elementor-element elementor-element-32a0d82 e-flex e-con-boxed e-con e-parent\" data-id=\"32a0d82\" data-element_type=\"container\" data-e-type=\"container\">\n\t\t\t\t\t<div class=\"e-con-inner\">\n\t\t\t\t<div class=\"elementor-element elementor-element-312b5c2 elementor-widget elementor-widget-text-editor\" data-id=\"312b5c2\" data-element_type=\"widget\" data-e-type=\"widget\" data-widget_type=\"text-editor.default\">\n\t\t\t\t<div class=\"elementor-widget-container\">\n\t\t\t\t\t\t\t\t\t<p class=\"p1\">\u00a9 2022 \u2013 The DLZ \u2013 Direitos Reservados<\/p>\t\t\t\t\t\t\t\t<\/div>\n\t\t\t\t<\/div>\n\t\t\t\t\t<\/div>\n\t\t\t\t<\/div>\n\t\t\t\t<\/div>\n\t\t","protected":false},"excerpt":{"rendered":"<p>Remover item Imagem de miniatura Produto Pre\u00e7o Quantidade Subtotal &times; The Sommelier &#82;&#36;297,00 The Sommelier quantidade &#82;&#36;594,00 &times; The DLZ &#82;&#36;680,00 The DLZ quantidade &#82;&#36;680,00 TOTAL Subtotal &#82;&#36;1.274,00 Entrega Sedex Contrato (03220) Entrega para Rua Dante Baptista Andreis, 1005, Caxias do Sul, Rio Grande do Sul, 95012-347. Total &#82;&#36;1.274,00 Finalizar Frete Gr\u00e1tis Para todo o Brasil 10X SEM JUROS Voc\u00ea pode parcelar sua compra em&#8230; <\/p>\n<p class=\"more\"><a class=\"more-link\" href=\"https:\/\/thedlz.com\/?page_id=7\">Read More<\/a><\/p>\n","protected":false},"author":1,"featured_media":0,"parent":0,"menu_order":0,"comment_status":"closed","ping_status":"closed","template":"elementor_header_footer","meta":{"footnotes":""},"class_list":["post-7","page","type-page","status-publish","hentry","is-cat-link-line-before"],"yoast_head":"<!-- This site is optimized with the Yoast SEO plugin v27.5 - https:\/\/yoast.com\/product\/yoast-seo-wordpress\/ -->\n<title>Cart - The DLZ<\/title>\n<meta name=\"description\" content=\"The DLZ O saca-rolhas indispens\u00e1vel para amantes do vinho. \u00c9 um saca-rolhas de a\u00e7o inox, combinando as vantagens da l\u00e2mina com a tradicional espiral. Entrega r\u00e1pida, aproveite o frete gr\u00e1tis!\" \/>\n<meta name=\"robots\" content=\"index, follow, max-snippet:-1, max-image-preview:large, max-video-preview:-1\" \/>\n<link rel=\"canonical\" href=\"https:\/\/thedlz.com\/?page_id=7\" \/>\n<meta property=\"og:locale\" content=\"pt_BR\" \/>\n<meta property=\"og:type\" content=\"article\" \/>\n<meta property=\"og:title\" content=\"Cart - The DLZ\" \/>\n<meta property=\"og:description\" content=\"The DLZ O saca-rolhas indispens\u00e1vel para amantes do vinho. \u00c9 um saca-rolhas de a\u00e7o inox, combinando as vantagens da l\u00e2mina com a tradicional espiral. Entrega r\u00e1pida, aproveite o frete gr\u00e1tis!\" \/>\n<meta property=\"og:url\" content=\"https:\/\/thedlz.com\/?page_id=7\" \/>\n<meta property=\"og:site_name\" content=\"The DLZ\" \/>\n<meta property=\"article:modified_time\" content=\"2024-12-12T01:58:44+00:00\" \/>\n<meta property=\"og:image\" content=\"https:\/\/34.75.208.144\/wp-content\/uploads\/2022\/02\/Daniel0362-300x300.jpg\" \/>\n<meta name=\"twitter:card\" content=\"summary_large_image\" \/>\n<meta name=\"twitter:label1\" content=\"Est. tempo de leitura\" \/>\n\t<meta name=\"twitter:data1\" content=\"1 minuto\" \/>\n<script type=\"application\/ld+json\" class=\"yoast-schema-graph\">{\"@context\":\"https:\\\/\\\/schema.org\",\"@graph\":[{\"@type\":\"WebPage\",\"@id\":\"https:\\\/\\\/thedlz.com\\\/?page_id=7\",\"url\":\"https:\\\/\\\/thedlz.com\\\/?page_id=7\",\"name\":\"Cart - The DLZ\",\"isPartOf\":{\"@id\":\"https:\\\/\\\/thedlz.com\\\/#website\"},\"primaryImageOfPage\":{\"@id\":\"https:\\\/\\\/thedlz.com\\\/?page_id=7#primaryimage\"},\"image\":{\"@id\":\"https:\\\/\\\/thedlz.com\\\/?page_id=7#primaryimage\"},\"thumbnailUrl\":\"https:\\\/\\\/34.75.208.144\\\/wp-content\\\/uploads\\\/2022\\\/02\\\/Daniel0362-300x300.jpg\",\"datePublished\":\"2020-12-22T13:30:05+00:00\",\"dateModified\":\"2024-12-12T01:58:44+00:00\",\"description\":\"The DLZ O saca-rolhas indispens\u00e1vel para amantes do vinho. \u00c9 um saca-rolhas de a\u00e7o inox, combinando as vantagens da l\u00e2mina com a tradicional espiral. Entrega r\u00e1pida, aproveite o frete gr\u00e1tis!\",\"breadcrumb\":{\"@id\":\"https:\\\/\\\/thedlz.com\\\/?page_id=7#breadcrumb\"},\"inLanguage\":\"pt-BR\",\"potentialAction\":[{\"@type\":\"ReadAction\",\"target\":[\"https:\\\/\\\/thedlz.com\\\/?page_id=7\"]}]},{\"@type\":\"ImageObject\",\"inLanguage\":\"pt-BR\",\"@id\":\"https:\\\/\\\/thedlz.com\\\/?page_id=7#primaryimage\",\"url\":\"https:\\\/\\\/34.75.208.144\\\/wp-content\\\/uploads\\\/2022\\\/02\\\/Daniel0362-300x300.jpg\",\"contentUrl\":\"https:\\\/\\\/34.75.208.144\\\/wp-content\\\/uploads\\\/2022\\\/02\\\/Daniel0362-300x300.jpg\"},{\"@type\":\"BreadcrumbList\",\"@id\":\"https:\\\/\\\/thedlz.com\\\/?page_id=7#breadcrumb\",\"itemListElement\":[{\"@type\":\"ListItem\",\"position\":1,\"name\":\"In\u00edcio\",\"item\":\"https:\\\/\\\/thedlz.com\\\/\"},{\"@type\":\"ListItem\",\"position\":2,\"name\":\"Cart\"}]},{\"@type\":\"WebSite\",\"@id\":\"https:\\\/\\\/thedlz.com\\\/#website\",\"url\":\"https:\\\/\\\/thedlz.com\\\/\",\"name\":\"The DLZ\",\"description\":\"Perfeito para remo\u00e7\u00e3o de rolhas fr\u00e1geis e desgastadas pelo tempo\",\"publisher\":{\"@id\":\"https:\\\/\\\/thedlz.com\\\/#organization\"},\"potentialAction\":[{\"@type\":\"SearchAction\",\"target\":{\"@type\":\"EntryPoint\",\"urlTemplate\":\"https:\\\/\\\/thedlz.com\\\/?s={search_term_string}\"},\"query-input\":{\"@type\":\"PropertyValueSpecification\",\"valueRequired\":true,\"valueName\":\"search_term_string\"}}],\"inLanguage\":\"pt-BR\"},{\"@type\":\"Organization\",\"@id\":\"https:\\\/\\\/thedlz.com\\\/#organization\",\"name\":\"The DLZ\",\"url\":\"https:\\\/\\\/thedlz.com\\\/\",\"logo\":{\"@type\":\"ImageObject\",\"inLanguage\":\"pt-BR\",\"@id\":\"https:\\\/\\\/thedlz.com\\\/#\\\/schema\\\/logo\\\/image\\\/\",\"url\":\"https:\\\/\\\/thedlz.com\\\/wp-content\\\/uploads\\\/2025\\\/02\\\/thedlz-brand-qyegus584waj6gg36c1tgnkd8p4ztvfba0sxtg755c-1.png\",\"contentUrl\":\"https:\\\/\\\/thedlz.com\\\/wp-content\\\/uploads\\\/2025\\\/02\\\/thedlz-brand-qyegus584waj6gg36c1tgnkd8p4ztvfba0sxtg755c-1.png\",\"width\":102,\"height\":81,\"caption\":\"The DLZ\"},\"image\":{\"@id\":\"https:\\\/\\\/thedlz.com\\\/#\\\/schema\\\/logo\\\/image\\\/\"},\"sameAs\":[\"https:\\\/\\\/www.instagram.com\\\/the.dlz\",\"https:\\\/\\\/www.instagram.com\\\/danieldalzochio\"]}]}<\/script>\n<!-- \/ Yoast SEO plugin. -->","yoast_head_json":{"title":"Cart - The DLZ","description":"The DLZ O saca-rolhas indispens\u00e1vel para amantes do vinho. \u00c9 um saca-rolhas de a\u00e7o inox, combinando as vantagens da l\u00e2mina com a tradicional espiral. Entrega r\u00e1pida, aproveite o frete gr\u00e1tis!","robots":{"index":"index","follow":"follow","max-snippet":"max-snippet:-1","max-image-preview":"max-image-preview:large","max-video-preview":"max-video-preview:-1"},"canonical":"https:\/\/thedlz.com\/?page_id=7","og_locale":"pt_BR","og_type":"article","og_title":"Cart - The DLZ","og_description":"The DLZ O saca-rolhas indispens\u00e1vel para amantes do vinho. \u00c9 um saca-rolhas de a\u00e7o inox, combinando as vantagens da l\u00e2mina com a tradicional espiral. Entrega r\u00e1pida, aproveite o frete gr\u00e1tis!","og_url":"https:\/\/thedlz.com\/?page_id=7","og_site_name":"The DLZ","article_modified_time":"2024-12-12T01:58:44+00:00","og_image":[{"url":"https:\/\/34.75.208.144\/wp-content\/uploads\/2022\/02\/Daniel0362-300x300.jpg","type":"","width":"","height":""}],"twitter_card":"summary_large_image","twitter_misc":{"Est. tempo de leitura":"1 minuto"},"schema":{"@context":"https:\/\/schema.org","@graph":[{"@type":"WebPage","@id":"https:\/\/thedlz.com\/?page_id=7","url":"https:\/\/thedlz.com\/?page_id=7","name":"Cart - The DLZ","isPartOf":{"@id":"https:\/\/thedlz.com\/#website"},"primaryImageOfPage":{"@id":"https:\/\/thedlz.com\/?page_id=7#primaryimage"},"image":{"@id":"https:\/\/thedlz.com\/?page_id=7#primaryimage"},"thumbnailUrl":"https:\/\/34.75.208.144\/wp-content\/uploads\/2022\/02\/Daniel0362-300x300.jpg","datePublished":"2020-12-22T13:30:05+00:00","dateModified":"2024-12-12T01:58:44+00:00","description":"The DLZ O saca-rolhas indispens\u00e1vel para amantes do vinho. \u00c9 um saca-rolhas de a\u00e7o inox, combinando as vantagens da l\u00e2mina com a tradicional espiral. Entrega r\u00e1pida, aproveite o frete gr\u00e1tis!","breadcrumb":{"@id":"https:\/\/thedlz.com\/?page_id=7#breadcrumb"},"inLanguage":"pt-BR","potentialAction":[{"@type":"ReadAction","target":["https:\/\/thedlz.com\/?page_id=7"]}]},{"@type":"ImageObject","inLanguage":"pt-BR","@id":"https:\/\/thedlz.com\/?page_id=7#primaryimage","url":"https:\/\/34.75.208.144\/wp-content\/uploads\/2022\/02\/Daniel0362-300x300.jpg","contentUrl":"https:\/\/34.75.208.144\/wp-content\/uploads\/2022\/02\/Daniel0362-300x300.jpg"},{"@type":"BreadcrumbList","@id":"https:\/\/thedlz.com\/?page_id=7#breadcrumb","itemListElement":[{"@type":"ListItem","position":1,"name":"In\u00edcio","item":"https:\/\/thedlz.com\/"},{"@type":"ListItem","position":2,"name":"Cart"}]},{"@type":"WebSite","@id":"https:\/\/thedlz.com\/#website","url":"https:\/\/thedlz.com\/","name":"The DLZ","description":"Perfeito para remo\u00e7\u00e3o de rolhas fr\u00e1geis e desgastadas pelo tempo","publisher":{"@id":"https:\/\/thedlz.com\/#organization"},"potentialAction":[{"@type":"SearchAction","target":{"@type":"EntryPoint","urlTemplate":"https:\/\/thedlz.com\/?s={search_term_string}"},"query-input":{"@type":"PropertyValueSpecification","valueRequired":true,"valueName":"search_term_string"}}],"inLanguage":"pt-BR"},{"@type":"Organization","@id":"https:\/\/thedlz.com\/#organization","name":"The DLZ","url":"https:\/\/thedlz.com\/","logo":{"@type":"ImageObject","inLanguage":"pt-BR","@id":"https:\/\/thedlz.com\/#\/schema\/logo\/image\/","url":"https:\/\/thedlz.com\/wp-content\/uploads\/2025\/02\/thedlz-brand-qyegus584waj6gg36c1tgnkd8p4ztvfba0sxtg755c-1.png","contentUrl":"https:\/\/thedlz.com\/wp-content\/uploads\/2025\/02\/thedlz-brand-qyegus584waj6gg36c1tgnkd8p4ztvfba0sxtg755c-1.png","width":102,"height":81,"caption":"The DLZ"},"image":{"@id":"https:\/\/thedlz.com\/#\/schema\/logo\/image\/"},"sameAs":["https:\/\/www.instagram.com\/the.dlz","https:\/\/www.instagram.com\/danieldalzochio"]}]}},"_links":{"self":[{"href":"https:\/\/thedlz.com\/index.php?rest_route=\/wp\/v2\/pages\/7","targetHints":{"allow":["GET"]}}],"collection":[{"href":"https:\/\/thedlz.com\/index.php?rest_route=\/wp\/v2\/pages"}],"about":[{"href":"https:\/\/thedlz.com\/index.php?rest_route=\/wp\/v2\/types\/page"}],"author":[{"embeddable":true,"href":"https:\/\/thedlz.com\/index.php?rest_route=\/wp\/v2\/users\/1"}],"replies":[{"embeddable":true,"href":"https:\/\/thedlz.com\/index.php?rest_route=%2Fwp%2Fv2%2Fcomments&post=7"}],"version-history":[{"count":1,"href":"https:\/\/thedlz.com\/index.php?rest_route=\/wp\/v2\/pages\/7\/revisions"}],"predecessor-version":[{"id":4996,"href":"https:\/\/thedlz.com\/index.php?rest_route=\/wp\/v2\/pages\/7\/revisions\/4996"}],"wp:attachment":[{"href":"https:\/\/thedlz.com\/index.php?rest_route=%2Fwp%2Fv2%2Fmedia&parent=7"}],"curies":[{"name":"wp","href":"https:\/\/api.w.org\/{rel}","templated":true}]}}